{"id":169,"date":"2018-09-24T22:56:38","date_gmt":"2018-09-24T20:56:38","guid":{"rendered":"https:\/\/studiolaberlue.com\/?page_id=169"},"modified":"2026-03-20T10:27:04","modified_gmt":"2026-03-20T09:27:04","slug":"studio-repetition-montreuil","status":"publish","type":"page","link":"https:\/\/studiolaberlue.com\/index.php\/studio-repetition-montreuil\/","title":{"rendered":"R\u00c9P\u00c9TITION"},"content":{"rendered":"\n<h1 class=\"wp-block-heading has-text-align-center\"><strong>Studio de r\u00e9p\u00e9tition \u00e0 Montreuil \u2013 Paris Est<\/strong><\/h1>\n\n\n\n<p>Pr\u00e9parez votre concert ou votre projet musical dans <strong>un v\u00e9ritable studio d\u2019enregistrement<\/strong>, avec une acoustique travaill\u00e9e et un mat\u00e9riel professionnel.<\/p>\n\n\n\n<p>Le <strong>Studio La Berlue<\/strong> accueille les groupes et musiciens pour des r\u00e9p\u00e9titions dans un cadre chaleureux et exigeant, \u00e0 quelques minutes de Paris.<\/p>\n\n\n\n<p class=\"has-text-align-center\"><strong>\u00c0 partir de 17 \u20ac \/ heure<\/strong><\/p>\n\n\n\n<h2 class=\"wp-block-heading\"><strong>R\u00e9server une r\u00e9p\u00e9tition<\/strong><\/h2>\n\n\n\n<p>Les r\u00e9p\u00e9titions peuvent \u00eatre r\u00e9serv\u00e9es directement en ligne.<\/p>\n\n\n\n<div class=\"wp-block-buttons has-custom-font-size has-medium-font-size is-content-justification-center is-layout-flex wp-container-core-buttons-is-layout-91b154b1 wp-block-buttons-is-layout-flex\">\n<div class=\"wp-block-button has-custom-width wp-block-button__width-75\"><a class=\"wp-block-button__link wp-element-button\" href=\"https:\/\/calendly.com\/sebironneau\/repetition-studio\" target=\"_blank\" rel=\"noreferrer noopener\">\ud83d\udc49 R\u00e9server une r\u00e9p\u00e9tition<\/a><\/div>\n<\/div>\n\n\n\n<p>Les cr\u00e9neaux disponibles en ligne sont de <strong>2 heures<\/strong>.<\/p>\n\n\n\n<p>Si vous souhaitez r\u00e9server <strong>4 heures<\/strong>, il suffit de choisir <strong>deux cr\u00e9neaux cons\u00e9cutifs<\/strong>.<\/p>\n\n\n\n<p>Pour une r\u00e9p\u00e9tition de <strong>3 heures ou une configuration particuli\u00e8re<\/strong>, vous pouvez me contacter directement au <strong>06 80 92 07 96<\/strong>.<\/p>\n\n\n\n<div class=\"wp-block-columns is-layout-flex wp-container-core-columns-is-layout-9d6595d7 wp-block-columns-is-layout-flex\">\n<div class=\"wp-block-column is-layout-flow wp-block-column-is-layout-flow\">\n<h2 class=\"wp-block-heading\"><strong>R\u00e9p\u00e9ter dans un vrai studio d\u2019enregistrement<\/strong><\/h2>\n\n\n\n<p>Le Studio La Berlue n\u2019est pas un simple local de r\u00e9p\u00e9tition.<\/p>\n\n\n\n<p>La salle a \u00e9t\u00e9 con\u00e7ue \u00e0 l\u2019origine pour <strong>la prise de son et l\u2019enregistrement<\/strong>, avec un traitement acoustique permettant d\u2019entendre pr\u00e9cis\u00e9ment les instruments.<\/p>\n\n\n\n<p>Cela permet de r\u00e9p\u00e9ter dans des conditions proches de celles d\u2019un studio professionnel.<\/p>\n\n\n\n<p>Ces conditions sont particuli\u00e8rement adapt\u00e9es pour :<\/p>\n\n\n\n<ul class=\"wp-block-list\">\n<li>pr\u00e9parer un concert<\/li>\n\n\n\n<li>travailler les arrangements<\/li>\n\n\n\n<li>affiner le son du groupe<\/li>\n\n\n\n<li>pr\u00e9parer une session d\u2019enregistrement.<\/li>\n<\/ul>\n<\/div>\n\n\n\n<div class=\"wp-block-column is-layout-flow wp-block-column-is-layout-flow\">\n<h2 class=\"wp-block-heading\"><strong>Une salle de r\u00e9p\u00e9tition confortable et lumineuse<\/strong><\/h2>\n\n\n\n<p>La salle de r\u00e9p\u00e9tition fait <strong>25 m\u00b2<\/strong> et b\u00e9n\u00e9ficie de <strong>lumi\u00e8re naturelle<\/strong> ainsi que d\u2019un traitement acoustique soign\u00e9.<\/p>\n\n\n\n<p>Elle convient particuli\u00e8rement bien aux formations de :<\/p>\n\n\n\n<p class=\"has-text-align-center\"><strong>2 \u00e0 6 musiciens (maximum 7).<\/strong><\/p>\n\n\n\n<p>Le studio dispose \u00e9galement :<\/p>\n\n\n\n<ul class=\"wp-block-list\">\n<li>d\u2019une petite kitchenette<\/li>\n\n\n\n<li>d\u2019un espace ext\u00e9rieur pour les pauses<\/li>\n\n\n\n<li>d\u2019un accueil personnalis\u00e9.<\/li>\n<\/ul>\n<\/div>\n<\/div>\n\n\n\n<figure class=\"wp-block-gallery has-nested-images columns-default is-cropped wp-block-gallery-1 is-layout-flex wp-block-gallery-is-layout-flex\">\n<figure class=\"wp-block-image size-large\"><img loading=\"lazy\" decoding=\"async\" width=\"1046\" height=\"1614\" data-id=\"542\" src=\"https:\/\/studiolaberlue.com\/wp-content\/uploads\/2024\/09\/Ampli-Peavey.png\" alt=\"\" class=\"wp-image-542\" srcset=\"https:\/\/studiolaberlue.com\/wp-content\/uploads\/2024\/09\/Ampli-Peavey.png 1046w, https:\/\/studiolaberlue.com\/wp-content\/uploads\/2024\/09\/Ampli-Peavey-194x300.png 194w, https:\/\/studiolaberlue.com\/wp-content\/uploads\/2024\/09\/Ampli-Peavey-664x1024.png 664w, https:\/\/studiolaberlue.com\/wp-content\/uploads\/2024\/09\/Ampli-Peavey-768x1185.png 768w, https:\/\/studiolaberlue.com\/wp-content\/uploads\/2024\/09\/Ampli-Peavey-995x1536.png 995w\" sizes=\"auto, (max-width: 706px) 89vw, (max-width: 767px) 82vw, 740px\" \/><\/figure>\n\n\n\n<figure class=\"wp-block-image size-large\"><img loading=\"lazy\" decoding=\"async\" width=\"2560\" height=\"1920\" data-id=\"546\" src=\"https:\/\/studiolaberlue.com\/wp-content\/uploads\/2024\/09\/IMG_2930-scaled.jpg\" alt=\"\" class=\"wp-image-546\" srcset=\"https:\/\/studiolaberlue.com\/wp-content\/uploads\/2024\/09\/IMG_2930-scaled.jpg 2560w, https:\/\/studiolaberlue.com\/wp-content\/uploads\/2024\/09\/IMG_2930-300x225.jpg 300w, https:\/\/studiolaberlue.com\/wp-content\/uploads\/2024\/09\/IMG_2930-1024x768.jpg 1024w, https:\/\/studiolaberlue.com\/wp-content\/uploads\/2024\/09\/IMG_2930-768x576.jpg 768w, https:\/\/studiolaberlue.com\/wp-content\/uploads\/2024\/09\/IMG_2930-1536x1152.jpg 1536w, https:\/\/studiolaberlue.com\/wp-content\/uploads\/2024\/09\/IMG_2930-2048x1536.jpg 2048w\" sizes=\"auto, (max-width: 706px) 89vw, (max-width: 767px) 82vw, 740px\" \/><\/figure>\n\n\n\n<figure class=\"wp-block-image size-large\"><img loading=\"lazy\" decoding=\"async\" width=\"1920\" height=\"2560\" data-id=\"543\" src=\"https:\/\/studiolaberlue.com\/wp-content\/uploads\/2024\/09\/IMG_2552-scaled.jpg\" alt=\"\" class=\"wp-image-543\" srcset=\"https:\/\/studiolaberlue.com\/wp-content\/uploads\/2024\/09\/IMG_2552-scaled.jpg 1920w, https:\/\/studiolaberlue.com\/wp-content\/uploads\/2024\/09\/IMG_2552-225x300.jpg 225w, https:\/\/studiolaberlue.com\/wp-content\/uploads\/2024\/09\/IMG_2552-768x1024.jpg 768w, https:\/\/studiolaberlue.com\/wp-content\/uploads\/2024\/09\/IMG_2552-1152x1536.jpg 1152w, https:\/\/studiolaberlue.com\/wp-content\/uploads\/2024\/09\/IMG_2552-1536x2048.jpg 1536w\" sizes=\"auto, (max-width: 706px) 89vw, (max-width: 767px) 82vw, 740px\" \/><\/figure>\n\n\n\n<figure class=\"wp-block-image size-large\"><img loading=\"lazy\" decoding=\"async\" width=\"2560\" height=\"1920\" data-id=\"545\" src=\"https:\/\/studiolaberlue.com\/wp-content\/uploads\/2024\/09\/IMG_2994-scaled.jpg\" alt=\"\" class=\"wp-image-545\" srcset=\"https:\/\/studiolaberlue.com\/wp-content\/uploads\/2024\/09\/IMG_2994-scaled.jpg 2560w, https:\/\/studiolaberlue.com\/wp-content\/uploads\/2024\/09\/IMG_2994-300x225.jpg 300w, https:\/\/studiolaberlue.com\/wp-content\/uploads\/2024\/09\/IMG_2994-1024x768.jpg 1024w, https:\/\/studiolaberlue.com\/wp-content\/uploads\/2024\/09\/IMG_2994-768x576.jpg 768w, https:\/\/studiolaberlue.com\/wp-content\/uploads\/2024\/09\/IMG_2994-1536x1152.jpg 1536w, https:\/\/studiolaberlue.com\/wp-content\/uploads\/2024\/09\/IMG_2994-2048x1536.jpg 2048w\" sizes=\"auto, (max-width: 706px) 89vw, (max-width: 767px) 82vw, 740px\" \/><\/figure>\n\n\n\n<figure class=\"wp-block-image size-large\"><img loading=\"lazy\" decoding=\"async\" width=\"819\" height=\"1024\" data-id=\"550\" src=\"https:\/\/studiolaberlue.com\/wp-content\/uploads\/2024\/09\/Piano-819x1024.jpg\" alt=\"\" class=\"wp-image-550\" srcset=\"https:\/\/studiolaberlue.com\/wp-content\/uploads\/2024\/09\/Piano-819x1024.jpg 819w, https:\/\/studiolaberlue.com\/wp-content\/uploads\/2024\/09\/Piano-240x300.jpg 240w, https:\/\/studiolaberlue.com\/wp-content\/uploads\/2024\/09\/Piano-768x960.jpg 768w, https:\/\/studiolaberlue.com\/wp-content\/uploads\/2024\/09\/Piano-1229x1536.jpg 1229w, https:\/\/studiolaberlue.com\/wp-content\/uploads\/2024\/09\/Piano.jpg 1440w\" sizes=\"auto, (max-width: 706px) 89vw, (max-width: 767px) 82vw, 740px\" \/><\/figure>\n\n\n\n<figure class=\"wp-block-image size-large\"><img loading=\"lazy\" decoding=\"async\" width=\"2560\" height=\"1920\" data-id=\"541\" src=\"https:\/\/studiolaberlue.com\/wp-content\/uploads\/2024\/09\/IMG_2989-scaled.jpg\" alt=\"R\u00e9p\u00e9tition\" class=\"wp-image-541\" srcset=\"https:\/\/studiolaberlue.com\/wp-content\/uploads\/2024\/09\/IMG_2989-scaled.jpg 2560w, https:\/\/studiolaberlue.com\/wp-content\/uploads\/2024\/09\/IMG_2989-300x225.jpg 300w, https:\/\/studiolaberlue.com\/wp-content\/uploads\/2024\/09\/IMG_2989-1024x768.jpg 1024w, https:\/\/studiolaberlue.com\/wp-content\/uploads\/2024\/09\/IMG_2989-768x576.jpg 768w, https:\/\/studiolaberlue.com\/wp-content\/uploads\/2024\/09\/IMG_2989-1536x1152.jpg 1536w, https:\/\/studiolaberlue.com\/wp-content\/uploads\/2024\/09\/IMG_2989-2048x1536.jpg 2048w\" sizes=\"auto, (max-width: 706px) 89vw, (max-width: 767px) 82vw, 740px\" \/><\/figure>\n\n\n\n<figure class=\"wp-block-image size-large\"><img loading=\"lazy\" decoding=\"async\" width=\"640\" height=\"480\" data-id=\"528\" src=\"https:\/\/studiolaberlue.com\/wp-content\/uploads\/2024\/09\/IMG_3028-Moyenne.png\" alt=\"\" class=\"wp-image-528\" srcset=\"https:\/\/studiolaberlue.com\/wp-content\/uploads\/2024\/09\/IMG_3028-Moyenne.png 640w, https:\/\/studiolaberlue.com\/wp-content\/uploads\/2024\/09\/IMG_3028-Moyenne-300x225.png 300w\" sizes=\"auto, (max-width: 640px) 100vw, 640px\" \/><\/figure>\n\n\n\n<figure class=\"wp-block-image size-large\"><img loading=\"lazy\" decoding=\"async\" width=\"2560\" height=\"1920\" data-id=\"547\" src=\"https:\/\/studiolaberlue.com\/wp-content\/uploads\/2024\/09\/IMG_2626-4-scaled.jpg\" alt=\"\" class=\"wp-image-547\" srcset=\"https:\/\/studiolaberlue.com\/wp-content\/uploads\/2024\/09\/IMG_2626-4-scaled.jpg 2560w, https:\/\/studiolaberlue.com\/wp-content\/uploads\/2024\/09\/IMG_2626-4-300x225.jpg 300w, https:\/\/studiolaberlue.com\/wp-content\/uploads\/2024\/09\/IMG_2626-4-1024x768.jpg 1024w, https:\/\/studiolaberlue.com\/wp-content\/uploads\/2024\/09\/IMG_2626-4-768x576.jpg 768w, https:\/\/studiolaberlue.com\/wp-content\/uploads\/2024\/09\/IMG_2626-4-1536x1152.jpg 1536w, https:\/\/studiolaberlue.com\/wp-content\/uploads\/2024\/09\/IMG_2626-4-2048x1536.jpg 2048w\" sizes=\"auto, (max-width: 706px) 89vw, (max-width: 767px) 82vw, 740px\" \/><\/figure>\n<\/figure>\n\n\n\n<h2 class=\"wp-block-heading\"><strong>Backline et \u00e9quipement<\/strong><\/h2>\n\n\n\n<p>Le studio met \u00e0 disposition un <strong>backline complet<\/strong> pour les r\u00e9p\u00e9titions.<\/p>\n\n\n\n<div class=\"wp-block-columns is-layout-flex wp-container-core-columns-is-layout-9d6595d7 wp-block-columns-is-layout-flex\">\n<div class=\"wp-block-column is-layout-flow wp-block-column-is-layout-flow\">\n<h3 class=\"wp-block-heading\">Piano<\/h3>\n\n\n\n<ul class=\"wp-block-list\">\n<li>piano droit <strong>Yamaha U3<\/strong><\/li>\n<\/ul>\n\n\n\n<h3 class=\"wp-block-heading\">Guitare<\/h3>\n\n\n\n<ul class=\"wp-block-list\">\n<li>Peavey Blues Classic (combo tout lampes)<\/li>\n\n\n\n<li>Fender Hot Rod Deluxe ( combo tout lampes)<\/li>\n\n\n\n<li>Schertler Jam 150 (ampli instrument acoustique)<\/li>\n<\/ul>\n<\/div>\n\n\n\n<div class=\"wp-block-column is-layout-flow wp-block-column-is-layout-flow\">\n<h3 class=\"wp-block-heading\">Basse<\/h3>\n\n\n\n<ul class=\"wp-block-list\">\n<li>t\u00eate Ewan 60 tout lampes<\/li>\n\n\n\n<li>cabinet Ewan 3\u00d710<\/li>\n<\/ul>\n\n\n\n<h3 class=\"wp-block-heading\">Batterie<\/h3>\n\n\n\n<ul class=\"wp-block-list\">\n<li>Gretsch Catalina<\/li>\n\n\n\n<li>configuration : 10 \/ 12 \/ 14 \/ 16 \/ 22<\/li>\n<\/ul>\n\n\n\n<h3 class=\"wp-block-heading\">Sonorisation<\/h3>\n\n\n\n<ul class=\"wp-block-list\">\n<li>diffusion Adam P22<\/li>\n\n\n\n<li>console Soundcraft Signature 12<\/li>\n\n\n\n<li>microphones disponibles si n\u00e9cessaire.<\/li>\n<\/ul>\n<\/div>\n<\/div>\n\n\n\n<h2 class=\"wp-block-heading\"><strong>L\u2019exp\u00e9rience d\u2019un ing\u00e9nieur du son<\/strong><\/h2>\n\n\n\n<p>Le studio est dirig\u00e9 par <strong>S\u00e9bastien Bironneau<\/strong>, ing\u00e9nieur du son avec plus de <strong>25 ans d\u2019exp\u00e9rience<\/strong> en prise de son, mixage et accompagnement de projets musicaux.<\/p>\n\n\n\n<p>Si vous le souhaitez, je peux \u00e9galement vous aider \u00e0 :<\/p>\n\n\n\n<div class=\"wp-block-group\"><div class=\"wp-block-group__inner-container is-layout-constrained wp-block-group-is-layout-constrained\">\n<ul class=\"wp-block-list\">\n<li>\u00e9quilibrer le son du groupe<\/li>\n\n\n\n<li>pr\u00e9parer une session d\u2019enregistrement<\/li>\n\n\n\n<li>am\u00e9liorer la balance et la clart\u00e9 des instruments.<\/li>\n<\/ul>\n<\/div><\/div>\n\n\n\n<h2 class=\"wp-block-heading\"><strong>Tarifs r\u00e9p\u00e9tition<\/strong><\/h2>\n\n\n\n<p class=\"has-text-align-center\"><strong>17 \u20ac \/ heure<\/strong><br><strong>15 \u20ac \/ heure pour solo ou duo<\/strong><\/p>\n\n\n\n<p>Ces tarifs permettent aux musiciens de travailler dans <strong>de bonnes conditions sonores<\/strong>, avec un mat\u00e9riel de qualit\u00e9.<\/p>\n\n\n\n<h2 class=\"wp-block-heading\"><strong>R\u00e9server une r\u00e9p\u00e9tition<\/strong><\/h2>\n\n\n\n<p>Consultez les disponibilit\u00e9s du studio et r\u00e9servez directement en ligne.<\/p>\n\n\n\n<!-- Calendly inline widget begin -->\n<div class=\"calendly-inline-widget\" data-url=\"https:\/\/calendly.com\/sebironneau\/repetition-studio\" style=\"min-width:320px;height:700px;\"><\/div>\n<script type=\"text\/javascript\" src=\"https:\/\/assets.calendly.com\/assets\/external\/widget.js\" async><\/script>\n<!-- Calendly inline widget end -->\n\n\n\n<p>Pour toute question :<\/p>\n\n\n\n<p>\ud83d\udcde <strong>06 80 92 07 96<\/strong><\/p>\n\n\n\n<h1 class=\"wp-block-heading\">Acc\u00e8s au studio<\/h1>\n\n\n\n<p>Studio La Berlue<br>1 rue de la Mare \u00e0 l\u2019\u00c2ne<br>93100 Montreuil<\/p>\n\n\n\n<p>M\u00e9tro : <strong>Mairie de Montreuil<\/strong><br>Bus : <strong>122 \u2013 Lenain de Tillemont<\/strong><\/p>\n","protected":false},"excerpt":{"rendered":"<p>Studio de r\u00e9p\u00e9tition \u00e0 Montreuil \u2013 Paris Est Pr\u00e9parez votre concert ou votre projet musical dans un v\u00e9ritable studio d\u2019enregistrement, avec une acoustique travaill\u00e9e et un mat\u00e9riel professionnel. Le Studio La Berlue accueille les groupes et musiciens pour des r\u00e9p\u00e9titions dans un cadre chaleureux et exigeant, \u00e0 quelques minutes de Paris. \u00c0 partir de 17 &hellip; <\/p>\n<p class=\"link-more\"><a href=\"https:\/\/studiolaberlue.com\/index.php\/studio-repetition-montreuil\/\" class=\"more-link\">Continuer la lecture<span class=\"screen-reader-text\"> de &laquo;&nbsp;R\u00c9P\u00c9TITION&nbsp;&raquo;<\/span><\/a><\/p>\n","protected":false},"author":1,"featured_media":634,"parent":0,"menu_order":0,"comment_status":"closed","ping_status":"closed","template":"","meta":{"ngg_post_thumbnail":0,"footnotes":""},"class_list":["post-169","page","type-page","status-publish","has-post-thumbnail","hentry"],"_links":{"self":[{"href":"https:\/\/studiolaberlue.com\/index.php\/wp-json\/wp\/v2\/pages\/169","targetHints":{"allow":["GET"]}}],"collection":[{"href":"https:\/\/studiolaberlue.com\/index.php\/wp-json\/wp\/v2\/pages"}],"about":[{"href":"https:\/\/studiolaberlue.com\/index.php\/wp-json\/wp\/v2\/types\/page"}],"author":[{"embeddable":true,"href":"https:\/\/studiolaberlue.com\/index.php\/wp-json\/wp\/v2\/users\/1"}],"replies":[{"embeddable":true,"href":"https:\/\/studiolaberlue.com\/index.php\/wp-json\/wp\/v2\/comments?post=169"}],"version-history":[{"count":11,"href":"https:\/\/studiolaberlue.com\/index.php\/wp-json\/wp\/v2\/pages\/169\/revisions"}],"predecessor-version":[{"id":680,"href":"https:\/\/studiolaberlue.com\/index.php\/wp-json\/wp\/v2\/pages\/169\/revisions\/680"}],"wp:featuredmedia":[{"embeddable":true,"href":"https:\/\/studiolaberlue.com\/index.php\/wp-json\/wp\/v2\/media\/634"}],"wp:attachment":[{"href":"https:\/\/studiolaberlue.com\/index.php\/wp-json\/wp\/v2\/media?parent=169"}],"curies":[{"name":"wp","href":"https:\/\/api.w.org\/{rel}","templated":true}]}}