{"id":18,"date":"2018-09-01T18:10:18","date_gmt":"2018-09-01T16:10:18","guid":{"rendered":"https:\/\/studiolaberlue.com\/?page_id=18"},"modified":"2024-09-18T11:08:42","modified_gmt":"2024-09-18T09:08:42","slug":"services-et-tarifs","status":"publish","type":"page","link":"https:\/\/studiolaberlue.com\/index.php\/services-et-tarifs\/","title":{"rendered":"SERVICES ET TARIFS"},"content":{"rendered":"\n<h1 class=\"wp-block-heading has-text-align-center\"><strong>Un studio pro haut de gamme au prix le plus juste ! <\/strong><\/h1>\n\n\n\n<p>Le studio s\u2019adapte \u00e0 tous vos projets, un album, un EP, l&rsquo;enregistrement d&rsquo;une r\u00e9p\u00e9tition. Les tarifs sont comp\u00e9titifs (tarif \u00e0 la journ\u00e9e ou forfait) et je peux vous accompagner jusqu&rsquo;au pressage des disques.<\/p>\n\n\n<div class=\"wp-block-image\">\n<figure class=\"alignleft size-full is-resized\"><img loading=\"lazy\" decoding=\"async\" width=\"1280\" height=\"960\" src=\"https:\/\/studiolaberlue.com\/wp-content\/uploads\/2024\/09\/IMG_0828-copie.jpg\" alt=\"\" class=\"wp-image-570\" style=\"width:395px;height:auto\" srcset=\"https:\/\/studiolaberlue.com\/wp-content\/uploads\/2024\/09\/IMG_0828-copie.jpg 1280w, https:\/\/studiolaberlue.com\/wp-content\/uploads\/2024\/09\/IMG_0828-copie-300x225.jpg 300w, https:\/\/studiolaberlue.com\/wp-content\/uploads\/2024\/09\/IMG_0828-copie-768x576.jpg 768w\" sizes=\"auto, (max-width: 706px) 89vw, (max-width: 767px) 82vw, 740px\" \/><\/figure>\n<\/div>\n\n\n<p>Le service graphisme vous permet de r\u00e9aliser la pochette de votre disque ainsi que tous les supports publicitaires n\u00e9cessaires \u00e0 votre projet.<\/p>\n\n\n\n<p>Nous poss\u00e9dons un r\u00e9seau de musiciens travaillant r\u00e9guli\u00e8rement avec le studio (du batteur au quatuor \u00e0 cordes). Nous pouvons intervenir sur la composition ou l&rsquo;arrangement de vos titres.<\/p>\n\n\n\n<p>&nbsp;<\/p>\n\n\n\n<p class=\"has-text-align-center\">Enregistrement studio \/ \u00e9dition \/ mixage<\/p>\n\n\n\n<p class=\"has-text-align-center\">Mastering<\/p>\n\n\n\n<p class=\"has-text-align-center\">R\u00e9p\u00e9tition<\/p>\n\n\n\n<p class=\"has-text-align-center\">Studio mobile (live, r\u00e9p\u00e9tition, \u2026)<\/p>\n\n\n\n<p class=\"has-text-align-center\">Enregistrement voix off, jingle<\/p>\n\n\n\n<p class=\"has-text-align-center\">Formation M.A.O<\/p>\n\n\n\n<p class=\"has-text-align-center\">Location du local de r\u00e9p\u00e9tition<\/p>\n\n\n\n<p class=\"has-text-align-center\">Graphisme<\/p>\n\n\n\n<p>&nbsp;<\/p>\n\n\n\n<h2 class=\"wp-block-heading\">TARIFS:<\/h2>\n\n\n\n<p><strong>R\u00e9p\u00e9tition:<\/strong>\u00a0 \u00a0<strong>17\u20ac<\/strong> ttc\/ heure (en fonction des dispos).<br>                           <strong>15\u20ac <\/strong>ttc\/ h (solo ou duo)<\/p>\n\n\n\n<p><strong>Enregistrement, mixage, mastering: <\/strong> \u00e0 partir de<strong> 260\u20ac<\/strong> ttc la journ\u00e9e (ing\u00e9nieur du son compris).<\/p>\n\n\n\n<p>Forfaits pour plusieurs journ\u00e9es, Ep ou Lp, sur devis.\u00a0<br>Tel : S\u00e9bastien 0680920796<\/p>\n\n\n\n<p>&nbsp;<\/p>\n\n\n\n<h2 class=\"wp-block-heading\">EXEMPLES DE FORFAITS :<\/h2>\n\n\n\n<h2 class=\"wp-block-heading\"><strong>EP 5 TITRES&nbsp;<\/strong><span style=\"line-height: 26.56px; font-size: 1rem;\">(5 jours)<\/span><\/h2>\n\n\n<div class=\"wp-block-image\">\n<figure class=\"alignright size-large is-resized\"><img loading=\"lazy\" decoding=\"async\" width=\"1046\" height=\"1047\" src=\"https:\/\/studiolaberlue.com\/wp-content\/uploads\/2024\/09\/Ampli-Peavey-edited.png\" alt=\"\" class=\"wp-image-578\" style=\"width:293px;height:auto\" srcset=\"https:\/\/studiolaberlue.com\/wp-content\/uploads\/2024\/09\/Ampli-Peavey-edited.png 1046w, https:\/\/studiolaberlue.com\/wp-content\/uploads\/2024\/09\/Ampli-Peavey-edited-300x300.png 300w, https:\/\/studiolaberlue.com\/wp-content\/uploads\/2024\/09\/Ampli-Peavey-edited-150x150.png 150w, https:\/\/studiolaberlue.com\/wp-content\/uploads\/2024\/09\/Ampli-Peavey-edited-768x769.png 768w, https:\/\/studiolaberlue.com\/wp-content\/uploads\/2024\/09\/Ampli-Peavey-edited-100x100.png 100w\" sizes=\"auto, (max-width: 706px) 89vw, (max-width: 767px) 82vw, 740px\" \/><\/figure>\n<\/div>\n\n\n<p><\/p>\n\n\n\n<ul class=\"wp-block-list\">\n<li><span style=\"font-size: 1rem; line-height: 1.66;\">2 jours&nbsp;: prise de son live instruments<\/span><\/li>\n\n\n\n<li>1 jour&nbsp;: voix et Edition<\/li>\n\n\n\n<li>2 jours&nbsp;: mixage et pr\u00e9-mastering&nbsp;des 5 titres<\/li>\n<\/ul>\n\n\n\n<p>Repartez avec 5 titres finalis\u00e9s, le pr\u00e8-mastering est offert.<\/p>\n\n\n\n<p>TARIF : 1000 \u20ac<\/p>\n\n\n\n<p>&nbsp;<\/p>\n\n\n\n<h2 class=\"wp-block-heading\"><strong>MIXAGE 1 TITRE<\/strong><\/h2>\n\n\n<div class=\"wp-block-image\">\n<figure class=\"alignright size-full is-resized\"><img loading=\"lazy\" decoding=\"async\" width=\"640\" height=\"480\" src=\"https:\/\/studiolaberlue.com\/wp-content\/uploads\/2024\/09\/IMG_3041-Moyenne.png\" alt=\"\" class=\"wp-image-527\" style=\"width:390px;height:auto\" srcset=\"https:\/\/studiolaberlue.com\/wp-content\/uploads\/2024\/09\/IMG_3041-Moyenne.png 640w, https:\/\/studiolaberlue.com\/wp-content\/uploads\/2024\/09\/IMG_3041-Moyenne-300x225.png 300w\" sizes=\"auto, (max-width: 640px) 100vw, 640px\" \/><\/figure>\n<\/div>\n\n\n<p><\/p>\n\n\n\n<ul class=\"wp-block-list\">\n<li>Dialogue pour d\u00e9finir les directions prises lors du mix<\/li>\n\n\n\n<li>Mixage dynamique<\/li>\n\n\n\n<li>2 retouches en fonction de vos observations<\/li>\n\n\n\n<li>Pr\u00e9-mastering<\/li>\n\n\n\n<li>Export St\u00e9r\u00e9o<\/li>\n<\/ul>\n\n\n\n<p>C\u2019est la solution la plus adapt\u00e9e pour les artistes en auto-production et les musiques acoustiques. Mixage dynamique en utilisant le meilleur du num\u00e9rique et une sommation finale analogique.<\/p>\n\n\n\n<p>TARIF : 150 \u20ac<\/p>\n\n\n<div class=\"wp-block-image\">\n<figure class=\"aligncenter\"><img loading=\"lazy\" decoding=\"async\" width=\"300\" height=\"200\" src=\"https:\/\/studiolaberlue.com\/wp-content\/uploads\/2018\/09\/Seb-cote\u0301-300x200.jpeg\" alt=\"\" class=\"wp-image-91\" srcset=\"https:\/\/studiolaberlue.com\/wp-content\/uploads\/2018\/09\/Seb-cote\u0301-300x200.jpeg 300w, https:\/\/studiolaberlue.com\/wp-content\/uploads\/2018\/09\/Seb-cote\u0301-768x512.jpeg 768w, https:\/\/studiolaberlue.com\/wp-content\/uploads\/2018\/09\/Seb-cote\u0301-1024x683.jpeg 1024w\" sizes=\"auto, (max-width: 300px) 100vw, 300px\" \/><\/figure>\n<\/div>\n\n\n<p><\/p>\n\n\n\n<h2 class=\"wp-block-heading\"><strong>MASTERING par STEMS<\/strong><\/h2>\n\n\n\n<ul class=\"wp-block-list\">\n<li>Dialogue pour d\u00e9finir les directions prises lors du mastering<\/li>\n\n\n\n<li>Traitement audio sur chaque canal<\/li>\n\n\n\n<li>&nbsp;Sommation analogique<\/li>\n\n\n\n<li>&nbsp;2 retouches en fonction de vos observations<\/li>\n\n\n\n<li>Export St\u00e9r\u00e9o<\/li>\n<\/ul>\n\n\n\n<p>C&rsquo;est un Mastering \u00e0 partir d\u2019un export multi-pistes, dans la limite de 12 pistes (6 bus st\u00e9r\u00e9o). Le mastering par stems (ou sous-groupes) a 2 avantages par rapport \u00e0 un Mastering st\u00e9r\u00e9o&nbsp;:<br>&#8211; Permet de corriger d\u2019\u00e9ventuels probl\u00e8mes pr\u00e9sents dans le mix qui ne pourraient \u00eatre r\u00e9solus en traitant un fichiers st\u00e9r\u00e9o.<br>&#8211; La sommation analogique apporte au mixage num\u00e9rique plus de musicalit\u00e9 (meilleur d\u00e9finition de l&rsquo;espace sonore, fid\u00e9lit\u00e9 du timbre des instruments et des voix).<\/p>\n\n\n\n<p>TARIF : 120 \u20ac<\/p>\n\n\n\n<p><strong>Merci de nous contacter pour un devis personnalis\u00e9.<\/strong><\/p>\n\n\n\n<figure class=\"wp-block-gallery aligncenter has-nested-images columns-default is-cropped wp-block-gallery-1 is-layout-flex wp-block-gallery-is-layout-flex\">\n<figure class=\"wp-block-image size-large\"><img loading=\"lazy\" decoding=\"async\" width=\"1024\" height=\"683\" data-id=\"73\" src=\"https:\/\/studiolaberlue.com\/wp-content\/uploads\/2018\/09\/Cabine-cote\u0301-gauche2-1024x683.jpeg\" alt=\"\" class=\"wp-image-73\" srcset=\"https:\/\/studiolaberlue.com\/wp-content\/uploads\/2018\/09\/Cabine-cote\u0301-gauche2-1024x683.jpeg 1024w, https:\/\/studiolaberlue.com\/wp-content\/uploads\/2018\/09\/Cabine-cote\u0301-gauche2-300x200.jpeg 300w, https:\/\/studiolaberlue.com\/wp-content\/uploads\/2018\/09\/Cabine-cote\u0301-gauche2-768x512.jpeg 768w\" sizes=\"auto, (max-width: 706px) 89vw, (max-width: 767px) 82vw, 740px\" \/><\/figure>\n\n\n\n<figure class=\"wp-block-image size-large\"><img loading=\"lazy\" decoding=\"async\" width=\"1280\" height=\"960\" data-id=\"574\" src=\"https:\/\/studiolaberlue.com\/wp-content\/uploads\/2024\/09\/IMG_0892-copie.jpg\" alt=\"\" class=\"wp-image-574\" srcset=\"https:\/\/studiolaberlue.com\/wp-content\/uploads\/2024\/09\/IMG_0892-copie.jpg 1280w, https:\/\/studiolaberlue.com\/wp-content\/uploads\/2024\/09\/IMG_0892-copie-300x225.jpg 300w, https:\/\/studiolaberlue.com\/wp-content\/uploads\/2024\/09\/IMG_0892-copie-768x576.jpg 768w\" sizes=\"auto, (max-width: 706px) 89vw, (max-width: 767px) 82vw, 740px\" \/><\/figure>\n\n\n\n<figure class=\"wp-block-image size-large\"><img loading=\"lazy\" decoding=\"async\" width=\"768\" height=\"1024\" data-id=\"543\" src=\"https:\/\/studiolaberlue.com\/wp-content\/uploads\/2024\/09\/IMG_2552-768x1024.jpg\" alt=\"\" class=\"wp-image-543\" srcset=\"https:\/\/studiolaberlue.com\/wp-content\/uploads\/2024\/09\/IMG_2552-768x1024.jpg 768w, https:\/\/studiolaberlue.com\/wp-content\/uploads\/2024\/09\/IMG_2552-225x300.jpg 225w, https:\/\/studiolaberlue.com\/wp-content\/uploads\/2024\/09\/IMG_2552-1152x1536.jpg 1152w, https:\/\/studiolaberlue.com\/wp-content\/uploads\/2024\/09\/IMG_2552-1536x2048.jpg 1536w, https:\/\/studiolaberlue.com\/wp-content\/uploads\/2024\/09\/IMG_2552-scaled.jpg 1920w\" sizes=\"auto, (max-width: 706px) 89vw, (max-width: 767px) 82vw, 740px\" \/><\/figure>\n\n\n\n<figure class=\"wp-block-image size-large\"><img loading=\"lazy\" decoding=\"async\" width=\"640\" height=\"480\" data-id=\"526\" src=\"https:\/\/studiolaberlue.com\/wp-content\/uploads\/2024\/09\/IMG_3043-Moyenne.png\" alt=\"\" class=\"wp-image-526\" srcset=\"https:\/\/studiolaberlue.com\/wp-content\/uploads\/2024\/09\/IMG_3043-Moyenne.png 640w, https:\/\/studiolaberlue.com\/wp-content\/uploads\/2024\/09\/IMG_3043-Moyenne-300x225.png 300w\" sizes=\"auto, (max-width: 640px) 100vw, 640px\" \/><\/figure>\n\n\n\n<figure class=\"wp-block-image size-large\"><img decoding=\"async\" data-id=\"516\" src=\"https:\/\/studiolaberlue.com\/wp-content\/uploads\/2024\/09\/IMG_2878.jpg\" alt=\"\" class=\"wp-image-516\"\/><\/figure>\n\n\n\n<figure class=\"wp-block-image size-large\"><img decoding=\"async\" data-id=\"506\" src=\"https:\/\/studiolaberlue.com\/wp-content\/uploads\/2024\/09\/IMG_2507.jpg\" alt=\"\" class=\"wp-image-506\"\/><\/figure>\n<\/figure>\n\n\n\n<p><\/p>\n","protected":false},"excerpt":{"rendered":"<p>Un studio pro haut de gamme au prix le plus juste ! Le studio s\u2019adapte \u00e0 tous vos projets, un album, un EP, l&rsquo;enregistrement d&rsquo;une r\u00e9p\u00e9tition. Les tarifs sont comp\u00e9titifs (tarif \u00e0 la journ\u00e9e ou forfait) et je peux vous accompagner jusqu&rsquo;au pressage des disques. Le service graphisme vous permet de r\u00e9aliser la pochette de &hellip; <\/p>\n<p class=\"link-more\"><a href=\"https:\/\/studiolaberlue.com\/index.php\/services-et-tarifs\/\" class=\"more-link\">Continuer la lecture<span class=\"screen-reader-text\"> de &laquo;&nbsp;SERVICES ET TARIFS&nbsp;&raquo;<\/span><\/a><\/p>\n","protected":false},"author":1,"featured_media":0,"parent":0,"menu_order":0,"comment_status":"closed","ping_status":"closed","template":"","meta":{"ngg_post_thumbnail":0,"footnotes":""},"class_list":["post-18","page","type-page","status-publish","hentry"],"_links":{"self":[{"href":"https:\/\/studiolaberlue.com\/index.php\/wp-json\/wp\/v2\/pages\/18","targetHints":{"allow":["GET"]}}],"collection":[{"href":"https:\/\/studiolaberlue.com\/index.php\/wp-json\/wp\/v2\/pages"}],"about":[{"href":"https:\/\/studiolaberlue.com\/index.php\/wp-json\/wp\/v2\/types\/page"}],"author":[{"embeddable":true,"href":"https:\/\/studiolaberlue.com\/index.php\/wp-json\/wp\/v2\/users\/1"}],"replies":[{"embeddable":true,"href":"https:\/\/studiolaberlue.com\/index.php\/wp-json\/wp\/v2\/comments?post=18"}],"version-history":[{"count":16,"href":"https:\/\/studiolaberlue.com\/index.php\/wp-json\/wp\/v2\/pages\/18\/revisions"}],"predecessor-version":[{"id":581,"href":"https:\/\/studiolaberlue.com\/index.php\/wp-json\/wp\/v2\/pages\/18\/revisions\/581"}],"wp:attachment":[{"href":"https:\/\/studiolaberlue.com\/index.php\/wp-json\/wp\/v2\/media?parent=18"}],"curies":[{"name":"wp","href":"https:\/\/api.w.org\/{rel}","templated":true}]}}