{"id":24,"date":"2018-09-01T18:13:00","date_gmt":"2018-09-01T16:13:00","guid":{"rendered":"https:\/\/studiolaberlue.com\/?page_id=24"},"modified":"2026-01-31T16:00:24","modified_gmt":"2026-01-31T15:00:24","slug":"contacts","status":"publish","type":"page","link":"https:\/\/studiolaberlue.com\/index.php\/contacts\/","title":{"rendered":"CONTACTS"},"content":{"rendered":"<p style=\"line-height: 26.56px;\"><img loading=\"lazy\" decoding=\"async\" class=\"size-medium wp-image-98 alignright\" src=\"https:\/\/studiolaberlue.com\/wp-content\/uploads\/2018\/09\/Potars-web-225x300.jpg\" alt=\"\" width=\"225\" height=\"300\" srcset=\"https:\/\/studiolaberlue.com\/wp-content\/uploads\/2018\/09\/Potars-web-225x300.jpg 225w, https:\/\/studiolaberlue.com\/wp-content\/uploads\/2018\/09\/Potars-web-768x1024.jpg 768w\" sizes=\"auto, (max-width: 225px) 100vw, 225px\" \/><\/p>\n<p style=\"text-align: left;\">Pour toutes questions, n\u2019h\u00e9sitez pas \u00e0 me contacter par t\u00e9l\u00e9phone:<\/p>\n<p style=\"text-align: center;\"><strong>(+33)6.80.92.07.96<\/strong><\/p>\n<p style=\"text-align: left;\">ou par mail \u00e0:<\/p>\n<p style=\"text-align: center;\">&nbsp;<a href=\"mailto:seb@studiolaberlue.com\"><strong>seb@studiolaberlue.com<\/strong><\/a><\/p>\n<p>Adresse du studio:<\/p>\n<p style=\"text-align: center;\"><strong>1 rue de la mare \u00e0 l&rsquo;\u00e2ne, 93100 Montreuil<\/strong><\/p>\n<p>M\u00e9tro Mairie de Montreuil \u2192 Bus 122 Lenain de Tillemont<\/p>\n<p><iframe loading=\"lazy\" style=\"border: 0;\" src=\"https:\/\/www.google.com\/maps\/embed?pb=!1m18!1m12!1m3!1d2624.8326299883715!2d2.4571158156744994!3d48.86140187928781!2m3!1f0!2f0!3f0!3m2!1i1024!2i768!4f13.1!3m3!1m2!1s0x47e612ace1f4ec21%3A0xb480382b63d8dc1d!2s1+Rue+de+la+Mare+%C3%80+l'%C3%82ne%2C+93100+Montreuil!5e0!3m2!1sfr!2sfr!4v1536136118005\" width=\"600\" height=\"450\" frameborder=\"0\" allowfullscreen=\"allowfullscreen\"><\/iframe>&nbsp;<\/p>\n","protected":false},"excerpt":{"rendered":"<p>Pour toutes questions, n\u2019h\u00e9sitez pas \u00e0 me contacter par t\u00e9l\u00e9phone: (+33)6.80.92.07.96 ou par mail \u00e0: &nbsp;seb@studiolaberlue.com Adresse du studio: 1 rue de la mare \u00e0 l&rsquo;\u00e2ne, 93100 Montreuil M\u00e9tro Mairie de Montreuil \u2192 Bus 122 Lenain de Tillemont &nbsp;<\/p>\n","protected":false},"author":1,"featured_media":0,"parent":0,"menu_order":0,"comment_status":"closed","ping_status":"closed","template":"","meta":{"ngg_post_thumbnail":0,"footnotes":""},"class_list":["post-24","page","type-page","status-publish","hentry"],"_links":{"self":[{"href":"https:\/\/studiolaberlue.com\/index.php\/wp-json\/wp\/v2\/pages\/24","targetHints":{"allow":["GET"]}}],"collection":[{"href":"https:\/\/studiolaberlue.com\/index.php\/wp-json\/wp\/v2\/pages"}],"about":[{"href":"https:\/\/studiolaberlue.com\/index.php\/wp-json\/wp\/v2\/types\/page"}],"author":[{"embeddable":true,"href":"https:\/\/studiolaberlue.com\/index.php\/wp-json\/wp\/v2\/users\/1"}],"replies":[{"embeddable":true,"href":"https:\/\/studiolaberlue.com\/index.php\/wp-json\/wp\/v2\/comments?post=24"}],"version-history":[{"count":7,"href":"https:\/\/studiolaberlue.com\/index.php\/wp-json\/wp\/v2\/pages\/24\/revisions"}],"predecessor-version":[{"id":662,"href":"https:\/\/studiolaberlue.com\/index.php\/wp-json\/wp\/v2\/pages\/24\/revisions\/662"}],"wp:attachment":[{"href":"https:\/\/studiolaberlue.com\/index.php\/wp-json\/wp\/v2\/media?parent=24"}],"curies":[{"name":"wp","href":"https:\/\/api.w.org\/{rel}","templated":true}]}}