{"id":618,"date":"2026-01-23T10:12:09","date_gmt":"2026-01-23T09:12:09","guid":{"rendered":"https:\/\/studiolaberlue.com\/?page_id=618"},"modified":"2026-03-20T11:01:37","modified_gmt":"2026-03-20T10:01:37","slug":"accueil","status":"publish","type":"page","link":"https:\/\/studiolaberlue.com\/","title":{"rendered":"Studio d\u2019enregistrement et de r\u00e9p\u00e9tition professionnel \u00e0 Montreuil (Paris Est)"},"content":{"rendered":"\n<h2 class=\"wp-block-heading\">Un studio professionnel \u00e0 taille humaine, aux portes de Paris<\/h2>\n\n\n\n<div class=\"wp-block-group\"><div class=\"wp-block-group__inner-container is-layout-constrained wp-block-group-is-layout-constrained\">\n<p>Situ\u00e9 \u00e0 Montreuil, aux portes de Paris, le <strong>Studio La Berlue<\/strong> est un studio d\u2019enregistrement et de r\u00e9p\u00e9tition d\u00e9di\u00e9 aux musiciens, groupes et artistes souhaitant travailler dans un cadre professionnel, exigeant et chaleureux.<\/p>\n\n\n\n<figure class=\"wp-block-image size-large\"><img loading=\"lazy\" decoding=\"async\" width=\"1024\" height=\"768\" src=\"https:\/\/studiolaberlue.com\/wp-content\/uploads\/2024\/09\/IMG_0821-1024x768.jpg\" alt=\"La cabine de mixage du studio La Berlue\" class=\"wp-image-554\" srcset=\"https:\/\/studiolaberlue.com\/wp-content\/uploads\/2024\/09\/IMG_0821-1024x768.jpg 1024w, https:\/\/studiolaberlue.com\/wp-content\/uploads\/2024\/09\/IMG_0821-300x225.jpg 300w, https:\/\/studiolaberlue.com\/wp-content\/uploads\/2024\/09\/IMG_0821-768x576.jpg 768w, https:\/\/studiolaberlue.com\/wp-content\/uploads\/2024\/09\/IMG_0821-1536x1152.jpg 1536w, https:\/\/studiolaberlue.com\/wp-content\/uploads\/2024\/09\/IMG_0821-2048x1536.jpg 2048w\" sizes=\"auto, (max-width: 706px) 89vw, (max-width: 767px) 82vw, 740px\" \/><\/figure>\n\n\n\n<p>Le studio est dirig\u00e9 par <strong>S\u00e9bastien Bironneau<\/strong>, ing\u00e9nieur du son, qui met \u00e0 votre disposition plus de 25 ans d\u2019exp\u00e9rience en prise de son, mixage et accompagnement artistique. Chaque projet est abord\u00e9 avec la m\u00eame exigence : <strong>la technique au service de la musicalit\u00e9<\/strong>, dans une relation de confiance et d\u2019\u00e9coute avec les artistes.<\/p>\n<\/div><\/div>\n\n\n\n<h2 class=\"wp-block-heading\">Enregistrement, mixage et accompagnement artistique<\/h2>\n\n\n\n<div class=\"wp-block-group\"><div class=\"wp-block-group__inner-container is-layout-constrained wp-block-group-is-layout-constrained\"><div class=\"wp-block-image\">\n<figure class=\"alignright size-full is-resized\"><img loading=\"lazy\" decoding=\"async\" width=\"640\" height=\"480\" src=\"https:\/\/studiolaberlue.com\/wp-content\/uploads\/2024\/09\/IMG_3445-Moyenne.png\" alt=\"La cabine de Mixage avec l'artiste Ivanos\" class=\"wp-image-465\" style=\"width:308px;height:auto\" srcset=\"https:\/\/studiolaberlue.com\/wp-content\/uploads\/2024\/09\/IMG_3445-Moyenne.png 640w, https:\/\/studiolaberlue.com\/wp-content\/uploads\/2024\/09\/IMG_3445-Moyenne-300x225.png 300w\" sizes=\"auto, (max-width: 640px) 100vw, 640px\" \/><\/figure>\n<\/div>\n\n\n<p>Le Studio La Berlue propose des <strong>services d\u2019enregistrement, de mixage et de mastering<\/strong>, adapt\u00e9s \u00e0 tous les styles de musique et \u00e0 toutes les configurations, du musicien solo au groupe complet.<\/p>\n\n\n\n<p>La cha\u00eene audio du studio repose sur un \u00e9quilibre entre <strong>analogique et num\u00e9rique<\/strong>, permettant aussi bien la transparence que la couleur sonore selon les besoins du projet. La prise de son, le choix des micros, des pr\u00e9amplis et des traitements sont pens\u00e9s au cas par cas, dans le respect de l\u2019identit\u00e9 musicale de chaque artiste.<\/p>\n\n\n\n<p>Au-del\u00e0 de l\u2019aspect technique, l\u2019accompagnement humain et artistique fait partie int\u00e9grante du travail : \u00e9changes, conseils, et regard ext\u00e9rieur au service de la coh\u00e9rence du projet.<\/p>\n<\/div><\/div>\n\n\n\n<div class=\"wp-block-group\"><div class=\"wp-block-group__inner-container is-layout-constrained wp-block-group-is-layout-constrained\">\n<h2 class=\"wp-block-heading\">R\u00e9p\u00e9ter dans un studio professionnel \u00e0 Montreuil<\/h2>\n\n\n\n<p>Le Studio La Berlue propose \u00e9galement la <strong>location du studio pour des r\u00e9p\u00e9titions<\/strong>, dans un cadre bien diff\u00e9rent d\u2019un local de r\u00e9p\u00e9tition classique ou d\u2019un home studio.<\/p>\n\n\n<div class=\"wp-block-image\">\n<figure class=\"alignleft size-full is-resized\"><img loading=\"lazy\" decoding=\"async\" width=\"1280\" height=\"960\" src=\"https:\/\/studiolaberlue.com\/wp-content\/uploads\/2026\/01\/IMG_0858-Grande.jpeg\" alt=\"\" class=\"wp-image-634\" style=\"width:401px;height:auto\" srcset=\"https:\/\/studiolaberlue.com\/wp-content\/uploads\/2026\/01\/IMG_0858-Grande.jpeg 1280w, https:\/\/studiolaberlue.com\/wp-content\/uploads\/2026\/01\/IMG_0858-Grande-300x225.jpeg 300w, https:\/\/studiolaberlue.com\/wp-content\/uploads\/2026\/01\/IMG_0858-Grande-768x576.jpeg 768w\" sizes=\"auto, (max-width: 706px) 89vw, (max-width: 767px) 82vw, 740px\" \/><\/figure>\n<\/div>\n\n\n<p>La salle est \u00e9quip\u00e9e d\u2019un <strong>backline professionnel<\/strong>, avec amplis, batterie et syst\u00e8me d\u2019\u00e9coute adapt\u00e9s, et b\u00e9n\u00e9ficie d\u2019un traitement acoustique soign\u00e9. Les r\u00e9p\u00e9titions peuvent ainsi se d\u00e9rouler dans des conditions proches de celles de l\u2019enregistrement, id\u00e9ales pour pr\u00e9parer un concert ou affiner un set.<\/p>\n\n\n\n<p>Les r\u00e9p\u00e9titions peuvent \u00eatre r\u00e9serv\u00e9es directement en ligne sur la page<strong><a href=\"https:\/\/studiolaberlue.com\/index.php\/studio-repetition-montreuil\/\" data-type=\"page\" data-id=\"169\"> r\u00e9p\u00e9tition<\/a> <\/strong>.<\/p>\n\n\n\n<div class=\"wp-block-buttons is-content-justification-center is-layout-flex wp-container-core-buttons-is-layout-14c487f4 wp-block-buttons-is-layout-flex\">\n<div class=\"wp-block-button\"><a class=\"wp-block-button__link wp-element-button\" href=\"https:\/\/studiolaberlue.com\/index.php\/studio-repetition-montreuil\/\">Reserver une r\u00e9p\u00e9tition<\/a><\/div>\n<\/div>\n<\/div><\/div>\n\n\n\n<h2 class=\"wp-block-heading\">Un studio \u00e9quip\u00e9 haut de gamme, sans compromis sur la qualit\u00e9<\/h2>\n\n\n\n<p>Le studio a \u00e9t\u00e9 con\u00e7u pour offrir un environnement de travail confortable et performant, tant pour l\u2019enregistrement que pour le mixage.<\/p>\n\n\n\n<p>Il s\u2019articule autour d\u2019une <strong>table analogique STUDER 269<\/strong>, associ\u00e9e \u00e0 des <strong>convertisseurs haut de gamme<\/strong> (Apogee, Mytek, Dangerous Music) et \u00e0 un parc de microphones et d\u2019\u00e9quipements professionnels soigneusement s\u00e9lectionn\u00e9s au fil des ann\u00e9es.<\/p>\n\n\n\n<p>La salle de prise, trait\u00e9e acoustiquement, s\u2019adapte \u00e0 diff\u00e9rentes formations et styles musicaux. Ce choix d\u2019\u00e9quipements et d\u2019acoustique permet de garantir un rendu sonore exigeant, tout en maintenant des <strong>tarifs accessibles<\/strong>, gr\u00e2ce \u00e0 une structure \u00e0 taille humaine.<\/p>\n\n\n\n<div class=\"wp-block-buttons is-content-justification-center is-layout-flex wp-container-core-buttons-is-layout-16018d1d wp-block-buttons-is-layout-flex\">\n<div class=\"wp-block-button\"><a class=\"wp-block-button__link wp-element-button\" href=\"https:\/\/studiolaberlue.com\/index.php\/le-studio\/\">D\u00e9couvrir le studio<\/a><\/div>\n<\/div>\n\n\n\n<h2 class=\"wp-block-heading\">Un positionnement clair : exigence professionnelle et tarifs accessibles<\/h2>\n\n\n\n<p>Convaincu que les meilleures productions naissent de la rencontre entre <strong>ma\u00eetrise technique et collaboration humaine<\/strong>, le Studio La Berlue s\u2019adresse aux artistes qui recherchent un son de qualit\u00e9, sans entrer dans une logique industrielle ou impersonnelle.<\/p>\n\n\n\n<p>Le studio se distingue des home studios par :<\/p>\n\n\n<div class=\"wp-block-image\">\n<figure class=\"alignright size-full is-resized\"><img loading=\"lazy\" decoding=\"async\" width=\"1280\" height=\"960\" src=\"https:\/\/studiolaberlue.com\/wp-content\/uploads\/2026\/01\/IMG_0822-copie.jpg\" alt=\"\" class=\"wp-image-636\" style=\"width:363px;height:auto\" srcset=\"https:\/\/studiolaberlue.com\/wp-content\/uploads\/2026\/01\/IMG_0822-copie.jpg 1280w, https:\/\/studiolaberlue.com\/wp-content\/uploads\/2026\/01\/IMG_0822-copie-300x225.jpg 300w, https:\/\/studiolaberlue.com\/wp-content\/uploads\/2026\/01\/IMG_0822-copie-768x576.jpg 768w\" sizes=\"auto, (max-width: 706px) 89vw, (max-width: 767px) 82vw, 740px\" \/><\/figure>\n<\/div>\n\n\n<ul class=\"wp-block-list\">\n<li>une cha\u00eene audio professionnelle compl\u00e8te<\/li>\n\n\n\n<li>une acoustique ma\u00eetris\u00e9e<\/li>\n\n\n\n<li>une r\u00e9elle exp\u00e9rience de la prise de son et du mixage<\/li>\n\n\n\n<li>un accompagnement adapt\u00e9 \u00e0 chaque projet<\/li>\n<\/ul>\n\n\n\n<div class=\"wp-block-buttons is-content-justification-center is-layout-flex wp-container-core-buttons-is-layout-16018d1d wp-block-buttons-is-layout-flex\">\n<div class=\"wp-block-button\"><a class=\"wp-block-button__link wp-element-button\" href=\"https:\/\/studiolaberlue.com\/index.php\/services-et-tarifs\/\">Services et tarifs<\/a><\/div>\n<\/div>\n\n\n\n<h2 class=\"wp-block-heading\">R\u00e9alisations et r\u00e9f\u00e9rences<\/h2>\n\n\n<div class=\"wp-block-image is-style-default\">\n<figure class=\"alignright size-full is-resized\"><img loading=\"lazy\" decoding=\"async\" width=\"1280\" height=\"960\" src=\"https:\/\/studiolaberlue.com\/wp-content\/uploads\/2026\/01\/IMG_2202-Grande.jpeg\" alt=\"\" class=\"wp-image-639\" style=\"width:319px;height:auto\" srcset=\"https:\/\/studiolaberlue.com\/wp-content\/uploads\/2026\/01\/IMG_2202-Grande.jpeg 1280w, https:\/\/studiolaberlue.com\/wp-content\/uploads\/2026\/01\/IMG_2202-Grande-300x225.jpeg 300w, https:\/\/studiolaberlue.com\/wp-content\/uploads\/2026\/01\/IMG_2202-Grande-768x576.jpeg 768w\" sizes=\"auto, (max-width: 706px) 89vw, (max-width: 767px) 82vw, 740px\" \/><\/figure>\n<\/div>\n\n\n<div class=\"wp-block-group\"><div class=\"wp-block-group__inner-container is-layout-constrained wp-block-group-is-layout-constrained\">\n<p>De nombreux projets ont \u00e9t\u00e9 enregistr\u00e9s, mix\u00e9s ou accompagn\u00e9s au Studio La Berlue, dans des esth\u00e9tiques vari\u00e9es. Chaque collaboration est l\u2019occasion de construire un son et une identit\u00e9 propres \u00e0 l\u2019artiste.<\/p>\n<\/div><\/div>\n\n\n\n<div class=\"wp-block-buttons is-content-justification-center is-layout-flex wp-container-core-buttons-is-layout-16018d1d wp-block-buttons-is-layout-flex\">\n<div class=\"wp-block-button\"><a class=\"wp-block-button__link wp-element-button\" href=\"https:\/\/studiolaberlue.com\/index.php\/references\/\">R\u00e9f\u00e9rences<\/a><\/div>\n<\/div>\n\n\n\n<h2 class=\"wp-block-heading\">Acc\u00e8s au studio et contact<br><\/h2>\n\n\n\n<p>Le studio est situ\u00e9 \u00e0 <strong>Montreuil (Paris Est)<\/strong>, facilement accessible depuis Paris et les communes alentours.<br>Pour toute demande d\u2019information, de devis ou pour discuter de votre projet, vous pouvez me contacter directement.<\/p>\n\n\n\n<div class=\"wp-block-buttons is-content-justification-center is-layout-flex wp-container-core-buttons-is-layout-16018d1d wp-block-buttons-is-layout-flex\">\n<div class=\"wp-block-button\"><a class=\"wp-block-button__link wp-element-button\" href=\"https:\/\/studiolaberlue.com\/index.php\/contacts\/\">Info &amp; Contact<\/a><\/div>\n<\/div>\n","protected":false},"excerpt":{"rendered":"<p>Un studio professionnel \u00e0 taille humaine, aux portes de Paris Situ\u00e9 \u00e0 Montreuil, aux portes de Paris, le Studio La Berlue est un studio d\u2019enregistrement et de r\u00e9p\u00e9tition d\u00e9di\u00e9 aux musiciens, groupes et artistes souhaitant travailler dans un cadre professionnel, exigeant et chaleureux. Le studio est dirig\u00e9 par S\u00e9bastien Bironneau, ing\u00e9nieur du son, qui met &hellip; <\/p>\n<p class=\"link-more\"><a href=\"https:\/\/studiolaberlue.com\/\" class=\"more-link\">Continuer la lecture<span class=\"screen-reader-text\"> de &laquo;&nbsp;Studio d\u2019enregistrement et de r\u00e9p\u00e9tition professionnel \u00e0 Montreuil (Paris Est)&nbsp;&raquo;<\/span><\/a><\/p>\n","protected":false},"author":1,"featured_media":554,"parent":0,"menu_order":0,"comment_status":"closed","ping_status":"closed","template":"","meta":{"ngg_post_thumbnail":0,"footnotes":""},"class_list":["post-618","page","type-page","status-publish","has-post-thumbnail","hentry"],"_links":{"self":[{"href":"https:\/\/studiolaberlue.com\/index.php\/wp-json\/wp\/v2\/pages\/618","targetHints":{"allow":["GET"]}}],"collection":[{"href":"https:\/\/studiolaberlue.com\/index.php\/wp-json\/wp\/v2\/pages"}],"about":[{"href":"https:\/\/studiolaberlue.com\/index.php\/wp-json\/wp\/v2\/types\/page"}],"author":[{"embeddable":true,"href":"https:\/\/studiolaberlue.com\/index.php\/wp-json\/wp\/v2\/users\/1"}],"replies":[{"embeddable":true,"href":"https:\/\/studiolaberlue.com\/index.php\/wp-json\/wp\/v2\/comments?post=618"}],"version-history":[{"count":16,"href":"https:\/\/studiolaberlue.com\/index.php\/wp-json\/wp\/v2\/pages\/618\/revisions"}],"predecessor-version":[{"id":684,"href":"https:\/\/studiolaberlue.com\/index.php\/wp-json\/wp\/v2\/pages\/618\/revisions\/684"}],"wp:featuredmedia":[{"embeddable":true,"href":"https:\/\/studiolaberlue.com\/index.php\/wp-json\/wp\/v2\/media\/554"}],"wp:attachment":[{"href":"https:\/\/studiolaberlue.com\/index.php\/wp-json\/wp\/v2\/media?parent=618"}],"curies":[{"name":"wp","href":"https:\/\/api.w.org\/{rel}","templated":true}]}}